{"id":159,"date":"2020-02-06T09:30:16","date_gmt":"2020-02-06T09:30:16","guid":{"rendered":"https:\/\/litho.themezaa.com\/?page_id=159"},"modified":"2025-09-22T14:39:36","modified_gmt":"2025-09-22T14:39:36","slug":"proyectos","status":"publish","type":"page","link":"https:\/\/bamboo.com.bo\/index.php\/proyectos\/","title":{"rendered":"Proyectos"},"content":{"rendered":"\t\t<div data-elementor-type=\"wp-page\" data-elementor-id=\"159\" class=\"elementor elementor-159\">\n\t\t\t\t\t\t<section data-parallax-section-settings=\"{&quot;parallax_ratio&quot;:0.5,&quot;parallax&quot;:&quot;parallax&quot;}\" class=\"elementor-section elementor-top-section elementor-element elementor-element-cba813b elementor-section-full_width elementor-hidden-desktop elementor-hidden-tablet elementor-hidden-mobile elementor-section-height-default elementor-section-height-default\" data-id=\"cba813b\" data-element_type=\"section\" data-settings=\"{&quot;background_background&quot;:&quot;classic&quot;}\">\n\t\t\t\t\t\t<div class=\"elementor-container elementor-column-gap-no\">\n\t\t\t\t\t<div class=\" elementor-column elementor-col-100 elementor-top-column elementor-element elementor-element-982c9a5\" data-fullscreen-column-settings=\"{&quot;fullscreen&quot;:&quot;&quot;}\" data-id=\"982c9a5\" data-element_type=\"column\">\n\t\t\t<div class=\"elementor-widget-wrap elementor-element-populated\">\n\t\t\t\t\t\t<div class=\"elementor-element elementor-element-77fa5f7 elementor-widget elementor-widget-image\" data-id=\"77fa5f7\" data-element_type=\"widget\" data-widget_type=\"image.default\">\n\t\t\t\t<div class=\"elementor-widget-container\">\n\t\t\t\t\t\t\t\t\t\t\t\t\t\t\t<img fetchpriority=\"high\" decoding=\"async\" width=\"2392\" height=\"800\" src=\"https:\/\/bamboo.com.bo\/wp-content\/uploads\/2025\/08\/PROYECTOS.jpg\" class=\"attachment-full size-full wp-image-76089\" alt=\"PROYECTOS\" \/>\t\t\t\t\t\t\t\t\t\t\t\t\t\t\t<\/div>\n\t\t\t\t<\/div>\n\t\t\t\t\t<\/div>\n\t\t<\/div>\n\t\t\t\t\t<\/div>\n\t\t<\/section>\n\t\t\t\t<section class=\"elementor-section elementor-top-section elementor-element elementor-element-44a3aa8 elementor-section-full_width elementor-section-height-default elementor-section-height-default\" data-id=\"44a3aa8\" data-element_type=\"section\" data-settings=\"{&quot;background_background&quot;:&quot;classic&quot;}\">\n\t\t\t\t\t\t<div class=\"elementor-container elementor-column-gap-default\">\n\t\t\t\t\t<div class=\" elementor-column elementor-col-100 elementor-top-column elementor-element elementor-element-0263567\" data-fullscreen-column-settings=\"{&quot;fullscreen&quot;:&quot;&quot;}\" data-id=\"0263567\" data-element_type=\"column\">\n\t\t\t<div class=\"elementor-widget-wrap elementor-element-populated\">\n\t\t\t\t\t\t<div class=\"elementor-element elementor-element-5fa60e3 elementor-widget elementor-widget-litho-portfolio-filter\" data-id=\"5fa60e3\" data-element_type=\"widget\" data-widget_type=\"litho-portfolio-filter.default\">\n\t\t\t\t<div class=\"elementor-widget-container\">\n\t\t\t\t\t<ul id=\"litho-portfolio-1\" class=\"grid-filter nav nav-tabs\"><li class=\"nav active\">\n\t\t\t\t\t\t<a href=\"javascript:void(0);\" data-filter=\"*\" data-id=\"litho-portfolio-1\">Todos<\/a>\n\t\t\t\t\t<\/li><li class=\"nav \">\n\t\t\t\t\t\t<a href=\"javascript:void(0);\" data-filter=\".portfolio-filter-64\" data-id=\"litho-portfolio-1\">Advertising<\/a>\n\t\t\t\t\t<\/li><li class=\"nav \">\n\t\t\t\t\t\t<a href=\"javascript:void(0);\" data-filter=\".portfolio-filter-23\" data-id=\"litho-portfolio-1\">Branding<\/a>\n\t\t\t\t\t<\/li><\/ul>\n\t\t\t\t\t\t<\/div>\n\t\t\t\t<\/div>\n\t\t\t\t<div class=\"elementor-element elementor-element-e9b1956 elementor-widget elementor-widget-litho-portfolio\" data-id=\"e9b1956\" data-element_type=\"widget\" data-settings=\"{&quot;litho_portfolio_style&quot;:&quot;portfolio-colorful&quot;}\" data-widget_type=\"litho-portfolio.default\">\n\t\t\t\t<div class=\"elementor-widget-container\">\n\t\t\t\t\t\t\t\t\t<div class=\"filter-content\">\n\t\t\t\t\t\t\t\t<ul class=\"portfolio-colorful portfolio-wrap grid-masonry portfolio-grid grid grid-loading portfolio-grid-with-filter grid-4col lg-grid-3col md-grid-2col xs-grid-1col portfolio-infinite-scroll-pagination\" data-filter-status=\"yes\" data-portfolio-settings=\"{&quot;pagination_type&quot;:&quot;infinite-scroll-pagination&quot;,&quot;litho_enable_masonry&quot;:&quot;yes&quot;}\">\n\t\t\t\t\t\t\t\t\t<li class=\"grid-sizer\"><\/li>\n\t\t\t\t\t\t\t\t\t\t\t\t\t<li class=\"portfolio-item grid-item portfolio-filter-64 portfolio-single-post litho-animated elementor-invisible\" data-animation=\"fadeIn \" data-animation-delay=\"100\"><a href=\"https:\/\/bamboo.com.bo\/index.php\/portfolio\/promo-upsa\/\" target=\"_self\"><figure class=\"hover-box-slide-text\">\n\t\t\t\t\t\t\t\t\t\t\t<div class=\"portfolio-image\"><img decoding=\"async\" width=\"800\" height=\"650\" src=\"https:\/\/bamboo.com.bo\/wp-content\/uploads\/2025\/05\/UPSA-VALLAS.jpg\" class=\"attachment-full size-full wp-post-image\" alt=\"UPSA - VALLAS\" srcset=\"https:\/\/bamboo.com.bo\/wp-content\/uploads\/2025\/05\/UPSA-VALLAS.jpg 800w, https:\/\/bamboo.com.bo\/wp-content\/uploads\/2025\/05\/UPSA-VALLAS-300x244.jpg 300w, https:\/\/bamboo.com.bo\/wp-content\/uploads\/2025\/05\/UPSA-VALLAS-768x624.jpg 768w, https:\/\/bamboo.com.bo\/wp-content\/uploads\/2025\/05\/UPSA-VALLAS-200x163.jpg 200w\" sizes=\"(max-width: 800px) 100vw, 800px\" \/><\/div>\n\t\t\t\t\t\t\t\t\t\t\t<figcaption>\n\t\t\t\t\t\t\t\t\t\t\t\t<div class=\"portfolio-hover d-flex flex-row\">\n\t\t\t\t\t\t\t\t\t\t\t\t\t<div class=\"portfolio-caption\">\n\t\t\t\t\t\t\t\t\t\t\t\t\t\t<div class=\"portfolio-caption-text\"><div class=\"subtitle hvr-move-top-bottom-self\">\n\t\t\t\t\t\t\t\t\t\t\t\t\t\t\t\t\t<span>UPSA<\/span>\n\t\t\t\t\t\t\t\t\t\t\t\t\t\t\t\t<\/div><div class=\"title hvr-move-bottom-top-self\">\n\t\t\t\t\t\t\t\t\t\t\t\t\t\t\t\t\t<span>PROMO UPSA<\/span>\n\t\t\t\t\t\t\t\t\t\t\t\t\t\t\t\t<\/div><\/div>\n\t\t\t\t\t\t\t\t\t\t\t\t\t\t\t\t\t\t\t\t\t\t\t\t\t\t\t\t\t<div class=\"portfolio-icon hvr-move-right-left\"><i aria-hidden=\"true\" class=\"ti ti-arrow-top-right\"><\/i><\/div>\n\t\t\t\t\t\t\t\t\t\t\t\t\t\t\t\t\t\t\t\t\t\t\t\t\t\t\t<\/div>\n\t\t\t\t\t\t\t\t\t\t\t\t<\/div>\n\t\t\t\t\t\t\t\t\t\t\t<\/figcaption>\n\t\t\t\t\t\t\t\t\t\t<\/figure><\/a>\t\t\t\t\t\t\t\t<\/li>\n\t\t\t\t\t\t\t\t\t\t\t\t\t\t\t\t<li class=\"portfolio-item grid-item portfolio-filter-23 portfolio-single-post litho-animated elementor-invisible\" data-animation=\"fadeIn \" data-animation-delay=\"200\"><a href=\"https:\/\/bamboo.com.bo\/index.php\/portfolio\/diseno-de-packaging\/\" target=\"_self\"><figure class=\"hover-box-slide-text\">\n\t\t\t\t\t\t\t\t\t\t\t<div class=\"portfolio-image\"><img decoding=\"async\" width=\"800\" height=\"650\" src=\"https:\/\/bamboo.com.bo\/wp-content\/uploads\/2025\/05\/FOODLAB.jpg\" class=\"attachment-full size-full wp-post-image\" alt=\"FOODLAB\" srcset=\"https:\/\/bamboo.com.bo\/wp-content\/uploads\/2025\/05\/FOODLAB.jpg 800w, https:\/\/bamboo.com.bo\/wp-content\/uploads\/2025\/05\/FOODLAB-300x244.jpg 300w, https:\/\/bamboo.com.bo\/wp-content\/uploads\/2025\/05\/FOODLAB-768x624.jpg 768w, https:\/\/bamboo.com.bo\/wp-content\/uploads\/2025\/05\/FOODLAB-200x163.jpg 200w\" sizes=\"(max-width: 800px) 100vw, 800px\" \/><\/div>\n\t\t\t\t\t\t\t\t\t\t\t<figcaption>\n\t\t\t\t\t\t\t\t\t\t\t\t<div class=\"portfolio-hover d-flex flex-row\">\n\t\t\t\t\t\t\t\t\t\t\t\t\t<div class=\"portfolio-caption\">\n\t\t\t\t\t\t\t\t\t\t\t\t\t\t<div class=\"portfolio-caption-text\"><div class=\"subtitle hvr-move-top-bottom-self\">\n\t\t\t\t\t\t\t\t\t\t\t\t\t\t\t\t\t<span>Food Labs<\/span>\n\t\t\t\t\t\t\t\t\t\t\t\t\t\t\t\t<\/div><div class=\"title hvr-move-bottom-top-self\">\n\t\t\t\t\t\t\t\t\t\t\t\t\t\t\t\t\t<span>Dise\u00f1o de packaging<\/span>\n\t\t\t\t\t\t\t\t\t\t\t\t\t\t\t\t<\/div><\/div>\n\t\t\t\t\t\t\t\t\t\t\t\t\t\t\t\t\t\t\t\t\t\t\t\t\t\t\t\t\t<div class=\"portfolio-icon hvr-move-right-left\"><i aria-hidden=\"true\" class=\"ti ti-arrow-top-right\"><\/i><\/div>\n\t\t\t\t\t\t\t\t\t\t\t\t\t\t\t\t\t\t\t\t\t\t\t\t\t\t\t<\/div>\n\t\t\t\t\t\t\t\t\t\t\t\t<\/div>\n\t\t\t\t\t\t\t\t\t\t\t<\/figcaption>\n\t\t\t\t\t\t\t\t\t\t<\/figure><\/a>\t\t\t\t\t\t\t\t<\/li>\n\t\t\t\t\t\t\t\t\t\t\t\t\t\t\t\t<li class=\"portfolio-item grid-item portfolio-filter-64 portfolio-single-post litho-animated elementor-invisible\" data-animation=\"fadeIn \" data-animation-delay=\"300\"><a href=\"https:\/\/bamboo.com.bo\/index.php\/portfolio\/sobre-ruedas\/\" target=\"_self\"><figure class=\"hover-box-slide-text\">\n\t\t\t\t\t\t\t\t\t\t\t<div class=\"portfolio-image\"><img loading=\"lazy\" decoding=\"async\" width=\"800\" height=\"650\" src=\"https:\/\/bamboo.com.bo\/wp-content\/uploads\/2025\/05\/CuentaPremiumSobreRuedas.jpg\" class=\"attachment-full size-full wp-post-image\" alt=\"CuentaPremiumSobreRuedas\" srcset=\"https:\/\/bamboo.com.bo\/wp-content\/uploads\/2025\/05\/CuentaPremiumSobreRuedas.jpg 800w, https:\/\/bamboo.com.bo\/wp-content\/uploads\/2025\/05\/CuentaPremiumSobreRuedas-300x244.jpg 300w, https:\/\/bamboo.com.bo\/wp-content\/uploads\/2025\/05\/CuentaPremiumSobreRuedas-768x624.jpg 768w, https:\/\/bamboo.com.bo\/wp-content\/uploads\/2025\/05\/CuentaPremiumSobreRuedas-200x163.jpg 200w\" sizes=\"(max-width: 800px) 100vw, 800px\" \/><\/div>\n\t\t\t\t\t\t\t\t\t\t\t<figcaption>\n\t\t\t\t\t\t\t\t\t\t\t\t<div class=\"portfolio-hover d-flex flex-row\">\n\t\t\t\t\t\t\t\t\t\t\t\t\t<div class=\"portfolio-caption\">\n\t\t\t\t\t\t\t\t\t\t\t\t\t\t<div class=\"portfolio-caption-text\"><div class=\"subtitle hvr-move-top-bottom-self\">\n\t\t\t\t\t\t\t\t\t\t\t\t\t\t\t\t\t<span>Banco Econ\u00f3mico<\/span>\n\t\t\t\t\t\t\t\t\t\t\t\t\t\t\t\t<\/div><div class=\"title hvr-move-bottom-top-self\">\n\t\t\t\t\t\t\t\t\t\t\t\t\t\t\t\t\t<span>Sobre ruedas<\/span>\n\t\t\t\t\t\t\t\t\t\t\t\t\t\t\t\t<\/div><\/div>\n\t\t\t\t\t\t\t\t\t\t\t\t\t\t\t\t\t\t\t\t\t\t\t\t\t\t\t\t\t<div class=\"portfolio-icon hvr-move-right-left\"><i aria-hidden=\"true\" class=\"ti ti-arrow-top-right\"><\/i><\/div>\n\t\t\t\t\t\t\t\t\t\t\t\t\t\t\t\t\t\t\t\t\t\t\t\t\t\t\t<\/div>\n\t\t\t\t\t\t\t\t\t\t\t\t<\/div>\n\t\t\t\t\t\t\t\t\t\t\t<\/figcaption>\n\t\t\t\t\t\t\t\t\t\t<\/figure><\/a>\t\t\t\t\t\t\t\t<\/li>\n\t\t\t\t\t\t\t\t\t\t\t\t\t\t\t\t<li class=\"portfolio-item grid-item portfolio-filter-64 portfolio-single-post litho-animated elementor-invisible\" data-animation=\"fadeIn \" data-animation-delay=\"400\"><a href=\"https:\/\/bamboo.com.bo\/index.php\/portfolio\/packs\/\" target=\"_self\"><figure class=\"hover-box-slide-text\">\n\t\t\t\t\t\t\t\t\t\t\t<div class=\"portfolio-image\"><img loading=\"lazy\" decoding=\"async\" width=\"800\" height=\"650\" src=\"https:\/\/bamboo.com.bo\/wp-content\/uploads\/2025\/05\/INSUNAT.jpg\" class=\"attachment-full size-full wp-post-image\" alt=\"INSUNAT\" srcset=\"https:\/\/bamboo.com.bo\/wp-content\/uploads\/2025\/05\/INSUNAT.jpg 800w, https:\/\/bamboo.com.bo\/wp-content\/uploads\/2025\/05\/INSUNAT-300x244.jpg 300w, https:\/\/bamboo.com.bo\/wp-content\/uploads\/2025\/05\/INSUNAT-768x624.jpg 768w, https:\/\/bamboo.com.bo\/wp-content\/uploads\/2025\/05\/INSUNAT-200x163.jpg 200w\" sizes=\"(max-width: 800px) 100vw, 800px\" \/><\/div>\n\t\t\t\t\t\t\t\t\t\t\t<figcaption>\n\t\t\t\t\t\t\t\t\t\t\t\t<div class=\"portfolio-hover d-flex flex-row\">\n\t\t\t\t\t\t\t\t\t\t\t\t\t<div class=\"portfolio-caption\">\n\t\t\t\t\t\t\t\t\t\t\t\t\t\t<div class=\"portfolio-caption-text\"><div class=\"subtitle hvr-move-top-bottom-self\">\n\t\t\t\t\t\t\t\t\t\t\t\t\t\t\t\t\t<span>INSUMAT<\/span>\n\t\t\t\t\t\t\t\t\t\t\t\t\t\t\t\t<\/div><div class=\"title hvr-move-bottom-top-self\">\n\t\t\t\t\t\t\t\t\t\t\t\t\t\t\t\t\t<span>Packs<\/span>\n\t\t\t\t\t\t\t\t\t\t\t\t\t\t\t\t<\/div><\/div>\n\t\t\t\t\t\t\t\t\t\t\t\t\t\t\t\t\t\t\t\t\t\t\t\t\t\t\t\t\t<div class=\"portfolio-icon hvr-move-right-left\"><i aria-hidden=\"true\" class=\"ti ti-arrow-top-right\"><\/i><\/div>\n\t\t\t\t\t\t\t\t\t\t\t\t\t\t\t\t\t\t\t\t\t\t\t\t\t\t\t<\/div>\n\t\t\t\t\t\t\t\t\t\t\t\t<\/div>\n\t\t\t\t\t\t\t\t\t\t\t<\/figcaption>\n\t\t\t\t\t\t\t\t\t\t<\/figure><\/a>\t\t\t\t\t\t\t\t<\/li>\n\t\t\t\t\t\t\t\t\t\t\t\t\t\t\t\t<li class=\"portfolio-item grid-item portfolio-filter-64 portfolio-single-post litho-animated elementor-invisible\" data-animation=\"fadeIn \" data-animation-delay=\"100\"><a href=\"https:\/\/bamboo.com.bo\/index.php\/portfolio\/manillas-de-pago\/\" target=\"_self\"><figure class=\"hover-box-slide-text\">\n\t\t\t\t\t\t\t\t\t\t\t<div class=\"portfolio-image\"><img loading=\"lazy\" decoding=\"async\" width=\"800\" height=\"650\" src=\"https:\/\/bamboo.com.bo\/wp-content\/uploads\/2025\/05\/Manillas-DE-PAGO.jpg\" class=\"attachment-full size-full wp-post-image\" alt=\"Manillas DE PAGO\" srcset=\"https:\/\/bamboo.com.bo\/wp-content\/uploads\/2025\/05\/Manillas-DE-PAGO.jpg 800w, https:\/\/bamboo.com.bo\/wp-content\/uploads\/2025\/05\/Manillas-DE-PAGO-300x244.jpg 300w, https:\/\/bamboo.com.bo\/wp-content\/uploads\/2025\/05\/Manillas-DE-PAGO-768x624.jpg 768w, https:\/\/bamboo.com.bo\/wp-content\/uploads\/2025\/05\/Manillas-DE-PAGO-200x163.jpg 200w\" sizes=\"(max-width: 800px) 100vw, 800px\" \/><\/div>\n\t\t\t\t\t\t\t\t\t\t\t<figcaption>\n\t\t\t\t\t\t\t\t\t\t\t\t<div class=\"portfolio-hover d-flex flex-row\">\n\t\t\t\t\t\t\t\t\t\t\t\t\t<div class=\"portfolio-caption\">\n\t\t\t\t\t\t\t\t\t\t\t\t\t\t<div class=\"portfolio-caption-text\"><div class=\"subtitle hvr-move-top-bottom-self\">\n\t\t\t\t\t\t\t\t\t\t\t\t\t\t\t\t\t<span>Banco Econ\u00f3mico<\/span>\n\t\t\t\t\t\t\t\t\t\t\t\t\t\t\t\t<\/div><div class=\"title hvr-move-bottom-top-self\">\n\t\t\t\t\t\t\t\t\t\t\t\t\t\t\t\t\t<span>Manillas de pago<\/span>\n\t\t\t\t\t\t\t\t\t\t\t\t\t\t\t\t<\/div><\/div>\n\t\t\t\t\t\t\t\t\t\t\t\t\t\t\t\t\t\t\t\t\t\t\t\t\t\t\t\t\t<div class=\"portfolio-icon hvr-move-right-left\"><i aria-hidden=\"true\" class=\"ti ti-arrow-top-right\"><\/i><\/div>\n\t\t\t\t\t\t\t\t\t\t\t\t\t\t\t\t\t\t\t\t\t\t\t\t\t\t\t<\/div>\n\t\t\t\t\t\t\t\t\t\t\t\t<\/div>\n\t\t\t\t\t\t\t\t\t\t\t<\/figcaption>\n\t\t\t\t\t\t\t\t\t\t<\/figure><\/a>\t\t\t\t\t\t\t\t<\/li>\n\t\t\t\t\t\t\t\t\t\t\t\t\t\t\t\t<li class=\"portfolio-item grid-item portfolio-filter-23 portfolio-single-post litho-animated elementor-invisible\" data-animation=\"fadeIn \" data-animation-delay=\"200\"><a href=\"https:\/\/bamboo.com.bo\/index.php\/portfolio\/smartplay\/\" target=\"_self\"><figure class=\"hover-box-slide-text\">\n\t\t\t\t\t\t\t\t\t\t\t<div class=\"portfolio-image\"><img loading=\"lazy\" decoding=\"async\" width=\"800\" height=\"650\" src=\"https:\/\/bamboo.com.bo\/wp-content\/uploads\/2025\/05\/SmartPlay-del-millon.jpg\" class=\"attachment-full size-full wp-post-image\" alt=\"SmartPlay del millon\" srcset=\"https:\/\/bamboo.com.bo\/wp-content\/uploads\/2025\/05\/SmartPlay-del-millon.jpg 800w, https:\/\/bamboo.com.bo\/wp-content\/uploads\/2025\/05\/SmartPlay-del-millon-300x244.jpg 300w, https:\/\/bamboo.com.bo\/wp-content\/uploads\/2025\/05\/SmartPlay-del-millon-768x624.jpg 768w, https:\/\/bamboo.com.bo\/wp-content\/uploads\/2025\/05\/SmartPlay-del-millon-200x163.jpg 200w\" sizes=\"(max-width: 800px) 100vw, 800px\" \/><\/div>\n\t\t\t\t\t\t\t\t\t\t\t<figcaption>\n\t\t\t\t\t\t\t\t\t\t\t\t<div class=\"portfolio-hover d-flex flex-row\">\n\t\t\t\t\t\t\t\t\t\t\t\t\t<div class=\"portfolio-caption\">\n\t\t\t\t\t\t\t\t\t\t\t\t\t\t<div class=\"portfolio-caption-text\"><div class=\"subtitle hvr-move-top-bottom-self\">\n\t\t\t\t\t\t\t\t\t\t\t\t\t\t\t\t\t<span>Banco Econ\u00f3mico<\/span>\n\t\t\t\t\t\t\t\t\t\t\t\t\t\t\t\t<\/div><div class=\"title hvr-move-bottom-top-self\">\n\t\t\t\t\t\t\t\t\t\t\t\t\t\t\t\t\t<span>SmartPlay<\/span>\n\t\t\t\t\t\t\t\t\t\t\t\t\t\t\t\t<\/div><\/div>\n\t\t\t\t\t\t\t\t\t\t\t\t\t\t\t\t\t\t\t\t\t\t\t\t\t\t\t\t\t<div class=\"portfolio-icon hvr-move-right-left\"><i aria-hidden=\"true\" class=\"ti ti-arrow-top-right\"><\/i><\/div>\n\t\t\t\t\t\t\t\t\t\t\t\t\t\t\t\t\t\t\t\t\t\t\t\t\t\t\t<\/div>\n\t\t\t\t\t\t\t\t\t\t\t\t<\/div>\n\t\t\t\t\t\t\t\t\t\t\t<\/figcaption>\n\t\t\t\t\t\t\t\t\t\t<\/figure><\/a>\t\t\t\t\t\t\t\t<\/li>\n\t\t\t\t\t\t\t\t\t\t\t\t\t\t\t\t<li class=\"portfolio-item grid-item portfolio-filter-64 portfolio-single-post litho-animated elementor-invisible\" data-animation=\"fadeIn \" data-animation-delay=\"300\"><a href=\"https:\/\/bamboo.com.bo\/index.php\/portfolio\/vos-podes\/\" target=\"_self\"><figure class=\"hover-box-slide-text\">\n\t\t\t\t\t\t\t\t\t\t\t<div class=\"portfolio-image\"><img decoding=\"async\" width=\"800\" height=\"650\" src=\"https:\/\/bamboo.com.bo\/wp-content\/uploads\/2025\/05\/UPSA-VALLAS.jpg\" class=\"attachment-full size-full wp-post-image\" alt=\"UPSA - VALLAS\" srcset=\"https:\/\/bamboo.com.bo\/wp-content\/uploads\/2025\/05\/UPSA-VALLAS.jpg 800w, https:\/\/bamboo.com.bo\/wp-content\/uploads\/2025\/05\/UPSA-VALLAS-300x244.jpg 300w, https:\/\/bamboo.com.bo\/wp-content\/uploads\/2025\/05\/UPSA-VALLAS-768x624.jpg 768w, https:\/\/bamboo.com.bo\/wp-content\/uploads\/2025\/05\/UPSA-VALLAS-200x163.jpg 200w\" sizes=\"(max-width: 800px) 100vw, 800px\" \/><\/div>\n\t\t\t\t\t\t\t\t\t\t\t<figcaption>\n\t\t\t\t\t\t\t\t\t\t\t\t<div class=\"portfolio-hover d-flex flex-row\">\n\t\t\t\t\t\t\t\t\t\t\t\t\t<div class=\"portfolio-caption\">\n\t\t\t\t\t\t\t\t\t\t\t\t\t\t<div class=\"portfolio-caption-text\"><div class=\"subtitle hvr-move-top-bottom-self\">\n\t\t\t\t\t\t\t\t\t\t\t\t\t\t\t\t\t<span>UPSA<\/span>\n\t\t\t\t\t\t\t\t\t\t\t\t\t\t\t\t<\/div><div class=\"title hvr-move-bottom-top-self\">\n\t\t\t\t\t\t\t\t\t\t\t\t\t\t\t\t\t<span>Vos podes<\/span>\n\t\t\t\t\t\t\t\t\t\t\t\t\t\t\t\t<\/div><\/div>\n\t\t\t\t\t\t\t\t\t\t\t\t\t\t\t\t\t\t\t\t\t\t\t\t\t\t\t\t\t<div class=\"portfolio-icon hvr-move-right-left\"><i aria-hidden=\"true\" class=\"ti ti-arrow-top-right\"><\/i><\/div>\n\t\t\t\t\t\t\t\t\t\t\t\t\t\t\t\t\t\t\t\t\t\t\t\t\t\t\t<\/div>\n\t\t\t\t\t\t\t\t\t\t\t\t<\/div>\n\t\t\t\t\t\t\t\t\t\t\t<\/figcaption>\n\t\t\t\t\t\t\t\t\t\t<\/figure><\/a>\t\t\t\t\t\t\t\t<\/li>\n\t\t\t\t\t\t\t\t\t\t\t\t\t\t\t\t<li class=\"portfolio-item grid-item portfolio-filter-23 portfolio-single-post litho-animated elementor-invisible\" data-animation=\"fadeIn \" data-animation-delay=\"400\"><a href=\"https:\/\/bamboo.com.bo\/index.php\/portfolio\/qr-credito\/\" target=\"_self\"><figure class=\"hover-box-slide-text\">\n\t\t\t\t\t\t\t\t\t\t\t<div class=\"portfolio-image\"><img loading=\"lazy\" decoding=\"async\" width=\"800\" height=\"650\" src=\"https:\/\/bamboo.com.bo\/wp-content\/uploads\/2025\/05\/QR-CREDITO.jpg\" class=\"attachment-full size-full wp-post-image\" alt=\"QR CREDITO\" srcset=\"https:\/\/bamboo.com.bo\/wp-content\/uploads\/2025\/05\/QR-CREDITO.jpg 800w, https:\/\/bamboo.com.bo\/wp-content\/uploads\/2025\/05\/QR-CREDITO-300x244.jpg 300w, https:\/\/bamboo.com.bo\/wp-content\/uploads\/2025\/05\/QR-CREDITO-768x624.jpg 768w, https:\/\/bamboo.com.bo\/wp-content\/uploads\/2025\/05\/QR-CREDITO-200x163.jpg 200w\" sizes=\"(max-width: 800px) 100vw, 800px\" \/><\/div>\n\t\t\t\t\t\t\t\t\t\t\t<figcaption>\n\t\t\t\t\t\t\t\t\t\t\t\t<div class=\"portfolio-hover d-flex flex-row\">\n\t\t\t\t\t\t\t\t\t\t\t\t\t<div class=\"portfolio-caption\">\n\t\t\t\t\t\t\t\t\t\t\t\t\t\t<div class=\"portfolio-caption-text\"><div class=\"subtitle hvr-move-top-bottom-self\">\n\t\t\t\t\t\t\t\t\t\t\t\t\t\t\t\t\t<span>Banco Econ\u00f3mico<\/span>\n\t\t\t\t\t\t\t\t\t\t\t\t\t\t\t\t<\/div><div class=\"title hvr-move-bottom-top-self\">\n\t\t\t\t\t\t\t\t\t\t\t\t\t\t\t\t\t<span>QR Cr\u00e9dito<\/span>\n\t\t\t\t\t\t\t\t\t\t\t\t\t\t\t\t<\/div><\/div>\n\t\t\t\t\t\t\t\t\t\t\t\t\t\t\t\t\t\t\t\t\t\t\t\t\t\t\t\t\t<div class=\"portfolio-icon hvr-move-right-left\"><i aria-hidden=\"true\" class=\"ti ti-arrow-top-right\"><\/i><\/div>\n\t\t\t\t\t\t\t\t\t\t\t\t\t\t\t\t\t\t\t\t\t\t\t\t\t\t\t<\/div>\n\t\t\t\t\t\t\t\t\t\t\t\t<\/div>\n\t\t\t\t\t\t\t\t\t\t\t<\/figcaption>\n\t\t\t\t\t\t\t\t\t\t<\/figure><\/a>\t\t\t\t\t\t\t\t<\/li>\n\t\t\t\t\t\t\t\t\t\t\t\t\t\t\t\t<li class=\"portfolio-item grid-item portfolio-filter-64 portfolio-single-post litho-animated elementor-invisible\" data-animation=\"fadeIn \" data-animation-delay=\"100\"><a href=\"https:\/\/bamboo.com.bo\/index.php\/portfolio\/ceramica-de-pelicula\/\" target=\"_self\"><figure class=\"hover-box-slide-text\">\n\t\t\t\t\t\t\t\t\t\t\t<div class=\"portfolio-image\"><img loading=\"lazy\" decoding=\"async\" width=\"800\" height=\"650\" src=\"https:\/\/bamboo.com.bo\/wp-content\/uploads\/2025\/05\/CERABOL-DE-PELICULA.jpg\" class=\"attachment-full size-full wp-post-image\" alt=\"CERABOL DE PELICULA\" srcset=\"https:\/\/bamboo.com.bo\/wp-content\/uploads\/2025\/05\/CERABOL-DE-PELICULA.jpg 800w, https:\/\/bamboo.com.bo\/wp-content\/uploads\/2025\/05\/CERABOL-DE-PELICULA-300x244.jpg 300w, https:\/\/bamboo.com.bo\/wp-content\/uploads\/2025\/05\/CERABOL-DE-PELICULA-768x624.jpg 768w, https:\/\/bamboo.com.bo\/wp-content\/uploads\/2025\/05\/CERABOL-DE-PELICULA-200x163.jpg 200w\" sizes=\"(max-width: 800px) 100vw, 800px\" \/><\/div>\n\t\t\t\t\t\t\t\t\t\t\t<figcaption>\n\t\t\t\t\t\t\t\t\t\t\t\t<div class=\"portfolio-hover d-flex flex-row\">\n\t\t\t\t\t\t\t\t\t\t\t\t\t<div class=\"portfolio-caption\">\n\t\t\t\t\t\t\t\t\t\t\t\t\t\t<div class=\"portfolio-caption-text\"><div class=\"subtitle hvr-move-top-bottom-self\">\n\t\t\t\t\t\t\t\t\t\t\t\t\t\t\t\t\t<span>Cerabol<\/span>\n\t\t\t\t\t\t\t\t\t\t\t\t\t\t\t\t<\/div><div class=\"title hvr-move-bottom-top-self\">\n\t\t\t\t\t\t\t\t\t\t\t\t\t\t\t\t\t<span>Cer\u00e1mica de pel\u00edcula<\/span>\n\t\t\t\t\t\t\t\t\t\t\t\t\t\t\t\t<\/div><\/div>\n\t\t\t\t\t\t\t\t\t\t\t\t\t\t\t\t\t\t\t\t\t\t\t\t\t\t\t\t\t<div class=\"portfolio-icon hvr-move-right-left\"><i aria-hidden=\"true\" class=\"ti ti-arrow-top-right\"><\/i><\/div>\n\t\t\t\t\t\t\t\t\t\t\t\t\t\t\t\t\t\t\t\t\t\t\t\t\t\t\t<\/div>\n\t\t\t\t\t\t\t\t\t\t\t\t<\/div>\n\t\t\t\t\t\t\t\t\t\t\t<\/figcaption>\n\t\t\t\t\t\t\t\t\t\t<\/figure><\/a>\t\t\t\t\t\t\t\t<\/li>\n\t\t\t\t\t\t\t\t\t\t\t\t<\/ul>\n\t\t\t\t\t\t\t\t<\/div>\n\t\t\t\t\t\t\t\t<\/div>\n\t\t\t\t<\/div>\n\t\t\t\t\t<\/div>\n\t\t<\/div>\n\t\t\t\t\t<\/div>\n\t\t<\/section>\n\t\t\t\t<\/div>\n\t\t","protected":false},"excerpt":{"rendered":"<p>Todos Advertising Branding UPSA PROMO UPSA Food Labs Dise\u00f1o de packaging Banco Econ\u00f3mico Sobre ruedas INSUMAT Packs Banco Econ\u00f3mico Manillas de pago Banco Econ\u00f3mico SmartPlay UPSA Vos podes Banco Econ\u00f3mico QR Cr\u00e9dito Cerabol Cer\u00e1mica de pel\u00edcula<\/p>\n","protected":false},"author":1,"featured_media":0,"parent":0,"menu_order":76,"comment_status":"closed","ping_status":"closed","template":"","meta":{"footnotes":""},"class_list":["post-159","page","type-page","status-publish","hentry"],"_links":{"self":[{"href":"https:\/\/bamboo.com.bo\/index.php\/wp-json\/wp\/v2\/pages\/159","targetHints":{"allow":["GET"]}}],"collection":[{"href":"https:\/\/bamboo.com.bo\/index.php\/wp-json\/wp\/v2\/pages"}],"about":[{"href":"https:\/\/bamboo.com.bo\/index.php\/wp-json\/wp\/v2\/types\/page"}],"author":[{"embeddable":true,"href":"https:\/\/bamboo.com.bo\/index.php\/wp-json\/wp\/v2\/users\/1"}],"replies":[{"embeddable":true,"href":"https:\/\/bamboo.com.bo\/index.php\/wp-json\/wp\/v2\/comments?post=159"}],"version-history":[{"count":42,"href":"https:\/\/bamboo.com.bo\/index.php\/wp-json\/wp\/v2\/pages\/159\/revisions"}],"predecessor-version":[{"id":76316,"href":"https:\/\/bamboo.com.bo\/index.php\/wp-json\/wp\/v2\/pages\/159\/revisions\/76316"}],"wp:attachment":[{"href":"https:\/\/bamboo.com.bo\/index.php\/wp-json\/wp\/v2\/media?parent=159"}],"curies":[{"name":"wp","href":"https:\/\/api.w.org\/{rel}","templated":true}]}}